{"id":2,"date":"2017-01-08T17:43:59","date_gmt":"2017-01-08T17:43:59","guid":{"rendered":"http:\/\/www.ravenking.eu\/blog\/?page_id=2"},"modified":"2017-01-10T19:09:20","modified_gmt":"2017-01-10T19:09:20","slug":"about","status":"publish","type":"page","link":"http:\/\/www.ravenking.eu\/","title":{"rendered":"Blues \u2013 Das ist\u2026"},"content":{"rendered":"<p>Klage um zur\u00fcckgewiesene Liebe, trotzige Forderung Hoffnung haben zu d\u00fcrfen, Freude \u00fcber den Erfolg und Wehklagen \u00fcber erlittene Entt\u00e4uschungen. Schmerz, Wut, Freude, Liebe und Tod.<\/p>\n<p>Leads\u00e4nger Daniel B\u00e4hrle \u2013 gesegnet mit der \u201eweissen Bluesstimme\u201c von grosser Eindringlichkeit, beherrscht sowohl die leisen T\u00f6ne wie auch den l\u00e4rmend-lachenden oder schmerzerf\u00fcllt-traurigen Blues.<\/p>\n<p>&nbsp;<\/p>\n<p>&nbsp;<\/p>\n<h1><b>Robert Leroy Johnson<\/b><\/h1>\n<p>(* <a title=\"8. Mai\" href=\"https:\/\/de.wikipedia.org\/wiki\/8._Mai\">8. Mai<\/a> <a title=\"1911\" href=\"https:\/\/de.wikipedia.org\/wiki\/1911\">1911<\/a> in <a title=\"Hazlehurst (Mississippi)\" href=\"https:\/\/de.wikipedia.org\/wiki\/Hazlehurst_(Mississippi)\">Hazlehurst<\/a>, <a title=\"Mississippi (Bundesstaat)\" href=\"https:\/\/de.wikipedia.org\/wiki\/Mississippi_(Bundesstaat)\">Mississippi<\/a>; \u2020 <a title=\"16. August\" href=\"https:\/\/de.wikipedia.org\/wiki\/16._August\">16. August<\/a> <a title=\"1938\" href=\"https:\/\/de.wikipedia.org\/wiki\/1938\">1938<\/a> in <a title=\"Greenwood (Mississippi)\" href=\"https:\/\/de.wikipedia.org\/wiki\/Greenwood_(Mississippi)\">Greenwood<\/a>, Mississippi)<\/p>\n<p><img loading=\"lazy\" decoding=\"async\" class=\"aligncenter size-full wp-image-118\" src=\"http:\/\/www.ravenking.eu\/blog\/wp-content\/uploads\/2017\/01\/robert_johnson.gif\" alt=\"\" width=\"807\" height=\"630\" \/><\/p>\n<p>Robert Johnson gilt als King des Delta Blues. Er beeinflusste ganze Generationen von Musikern &#8211; von Muddy Waters \u00fcber Bob Dylan bis zu den Rolling Stones. Seine Genialit\u00e4t speist sich aus einer Geschichte, die man sich bis heute erz\u00e4hlt: Sein Gitarrenspiel verbesserte sich pl\u00f6tzlich so deutlich, dass man sich erz\u00e4hlte, er habe seine Seele an den Teufel verkauft &#8211; im Gegenzug sei er in die Geheimnisse des Gitarrenspiels eingewiesen worden. Johnson nahm diese Legende bereitwillig an und baute sie zu einer seiner zentralen Metaphern aus.<\/p>\n<p>Insgesamt nahm er 29 Songs auf.<\/p>\n","protected":false},"excerpt":{"rendered":"<p>Klage um zur\u00fcckgewiesene Liebe, trotzige Forderung Hoffnung haben zu d\u00fcrfen, Freude \u00fcber den Erfolg und Wehklagen \u00fcber erlittene Entt\u00e4uschungen. Schmerz, Wut, Freude, Liebe und Tod. Leads\u00e4nger Daniel B\u00e4hrle \u2013 gesegnet &hellip; <\/p>\n<p class=\"link-more\"><a href=\"http:\/\/www.ravenking.eu\/\" class=\"more-link\"><span class=\"screen-reader-text\">\u201eBlues \u2013 Das ist\u2026\u201c<\/span> weiterlesen<\/a><\/p>\n","protected":false},"author":1,"featured_media":0,"parent":0,"menu_order":0,"comment_status":"open","ping_status":"open","template":"","meta":{"_EventAllDay":false,"_EventTimezone":"","_EventStartDate":"","_EventEndDate":"","_EventStartDateUTC":"","_EventEndDateUTC":"","_EventShowMap":false,"_EventShowMapLink":false,"_EventURL":"","_EventCost":"","_EventCostDescription":"","_EventCurrencySymbol":"","_EventCurrencyCode":"","_EventCurrencyPosition":"","_EventDateTimeSeparator":"","_EventTimeRangeSeparator":"","_EventOrganizerID":[],"_EventVenueID":[],"_OrganizerEmail":"","_OrganizerPhone":"","_OrganizerWebsite":"","_VenueAddress":"","_VenueCity":"","_VenueCountry":"","_VenueProvince":"","_VenueState":"","_VenueZip":"","_VenuePhone":"","_VenueURL":"","_VenueStateProvince":"","_VenueLat":"","_VenueLng":"","_VenueShowMap":false,"_VenueShowMapLink":false,"footnotes":""},"class_list":["post-2","page","type-page","status-publish","hentry"],"_links":{"self":[{"href":"http:\/\/www.ravenking.eu\/index.php\/wp-json\/wp\/v2\/pages\/2","targetHints":{"allow":["GET"]}}],"collection":[{"href":"http:\/\/www.ravenking.eu\/index.php\/wp-json\/wp\/v2\/pages"}],"about":[{"href":"http:\/\/www.ravenking.eu\/index.php\/wp-json\/wp\/v2\/types\/page"}],"author":[{"embeddable":true,"href":"http:\/\/www.ravenking.eu\/index.php\/wp-json\/wp\/v2\/users\/1"}],"replies":[{"embeddable":true,"href":"http:\/\/www.ravenking.eu\/index.php\/wp-json\/wp\/v2\/comments?post=2"}],"version-history":[{"count":0,"href":"http:\/\/www.ravenking.eu\/index.php\/wp-json\/wp\/v2\/pages\/2\/revisions"}],"wp:attachment":[{"href":"http:\/\/www.ravenking.eu\/index.php\/wp-json\/wp\/v2\/media?parent=2"}],"curies":[{"name":"wp","href":"https:\/\/api.w.org\/{rel}","templated":true}]}}